{"id":5,"date":"2025-12-22T21:24:05","date_gmt":"2025-12-22T21:24:05","guid":{"rendered":"https:\/\/fmlawadvisory.com\/home\/"},"modified":"2026-01-21T13:26:11","modified_gmt":"2026-01-21T13:26:11","slug":"home","status":"publish","type":"page","link":"https:\/\/fmlawadvisory.com\/en\/","title":{"rendered":"Home"},"content":{"rendered":"<div data-elementor-type=\"wp-page\" data-elementor-id=\"5\" class=\"elementor elementor-5\">\n\t\t\t\t<div class=\"elementor-element elementor-element-b01e5d8 e-flex e-con-boxed wpr-particle-no wpr-jarallax-no wpr-parallax-no wpr-sticky-section-no e-con e-parent\" data-id=\"b01e5d8\" data-element_type=\"container\">\n\t\t\t\t\t<div class=\"e-con-inner\">\n\t\t\t\t<div class=\"elementor-element elementor-element-fcfb8fc elementor-widget elementor-widget-text-editor\" data-id=\"fcfb8fc\" data-element_type=\"widget\" data-widget_type=\"text-editor.default\">\n\t\t\t\t\t\t\t\t\t<p><strong data-start=\"625\" data-end=\"709\">Consultoria jur\u00eddica nacional e\u00a0 internacional para empresas, executivos e clientes globais.<\/strong><br data-start=\"709\" data-end=\"712\" \/>Compliance \u25cf Consultoria Corporativa \u25cf Direito Migrat\u00f3rio<\/p>\t\t\t\t\t\t\t\t<\/div>\n\t\t\t\t\t<\/div>\n\t\t\t\t<\/div>\n\t\t<div class=\"elementor-element elementor-element-36a0b95 e-grid hostinger-ai-about-us-2 e-con-boxed wpr-particle-no wpr-jarallax-no wpr-parallax-no wpr-sticky-section-no e-con e-parent\" data-id=\"36a0b95\" data-element_type=\"container\">\n\t\t\t\t\t<div class=\"e-con-inner\">\n\t\t<div class=\"elementor-element elementor-element-f2b9264 e-con-full e-flex wpr-particle-no wpr-jarallax-no wpr-parallax-no wpr-sticky-section-no e-con e-child\" data-id=\"f2b9264\" data-element_type=\"container\">\n\t\t\t\t<div class=\"elementor-element elementor-element-fddd938 hostinger-ai-image hostinger-index-1 elementor-widget elementor-widget-image\" data-id=\"fddd938\" data-element_type=\"widget\" data-widget_type=\"image.default\">\n\t\t\t\t\t\t\t\t\t\t\t\t\t\t\t<img fetchpriority=\"high\" decoding=\"async\" width=\"1024\" height=\"1536\" src=\"https:\/\/fmlawadvisory.com\/wp-content\/uploads\/2026\/01\/ChatGPT-Image-Jan-4-2026-06_30_14-PM.png\" class=\"attachment-full size-full wp-image-41\" alt=\"\" srcset=\"https:\/\/fmlawadvisory.com\/wp-content\/uploads\/2026\/01\/ChatGPT-Image-Jan-4-2026-06_30_14-PM.png 1024w, https:\/\/fmlawadvisory.com\/wp-content\/uploads\/2026\/01\/ChatGPT-Image-Jan-4-2026-06_30_14-PM-200x300.png 200w, https:\/\/fmlawadvisory.com\/wp-content\/uploads\/2026\/01\/ChatGPT-Image-Jan-4-2026-06_30_14-PM-683x1024.png 683w, https:\/\/fmlawadvisory.com\/wp-content\/uploads\/2026\/01\/ChatGPT-Image-Jan-4-2026-06_30_14-PM-768x1152.png 768w, https:\/\/fmlawadvisory.com\/wp-content\/uploads\/2026\/01\/ChatGPT-Image-Jan-4-2026-06_30_14-PM-8x12.png 8w\" sizes=\"(max-width: 1024px) 100vw, 1024px\" \/>\t\t\t\t\t\t\t\t\t\t\t\t\t\t\t<\/div>\n\t\t\t\t<\/div>\n\t\t<div class=\"elementor-element elementor-element-9b3a7c8 e-con-full e-flex wpr-particle-no wpr-jarallax-no wpr-parallax-no wpr-sticky-section-no e-con e-child\" data-id=\"9b3a7c8\" data-element_type=\"container\">\n\t\t\t\t<div class=\"elementor-element elementor-element-9f7db66 hostinger-ai-title elementor-widget elementor-widget-heading\" data-id=\"9f7db66\" data-element_type=\"widget\" data-widget_type=\"heading.default\">\n\t\t\t\t\t<h2 class=\"elementor-heading-title elementor-size-default\">Sobre N\u00f3s<\/h2>\t\t\t\t<\/div>\n\t\t\t\t<div class=\"elementor-element elementor-element-1de8563 hostinger-ai-description elementor-widget elementor-widget-text-editor\" data-id=\"1de8563\" data-element_type=\"widget\" data-widget_type=\"text-editor.default\">\n\t\t\t\t\t\t\t\t\t<p data-start=\"583\" data-end=\"793\">No <strong data-start=\"586\" data-end=\"618\">F\u00e1bio Martins Law &amp; Advisory<\/strong>, oferecemos <strong data-start=\"631\" data-end=\"680\">assessoria jur\u00eddica estrat\u00e9gica internacional<\/strong> para empresas e clientes globais enfrentarem desafios complexos com <strong data-start=\"749\" data-end=\"792\">clareza, seguran\u00e7a e excel\u00eancia t\u00e9cnica<\/strong>.<\/p><p data-start=\"795\" data-end=\"1073\">Com atua\u00e7\u00e3o em <strong data-start=\"810\" data-end=\"840\">Brasil, Portugal e Espanha<\/strong>, ajudamos neg\u00f3cios e indiv\u00edduos em temas como <strong data-start=\"887\" data-end=\"952\">direito internacional, compliance, contratos e regulamenta\u00e7\u00e3o<\/strong>, sempre com foco em solu\u00e7\u00f5es pr\u00e1ticas e alinhadas \u00e0s necessidades de cada cliente.\u00a0<\/p><p data-start=\"1075\" data-end=\"1407\">Nossa abordagem combina <strong data-start=\"1099\" data-end=\"1130\">experi\u00eancia jur\u00eddica s\u00f3lida<\/strong>, vis\u00e3o estrat\u00e9gica de neg\u00f3cios e um compromisso forte com a <strong data-start=\"1191\" data-end=\"1239\">\u00e9tica profissional e a entrega de resultados<\/strong>. Atuamos com dedica\u00e7\u00e3o em cada etapa do processo, buscando reduzir riscos, proteger interesses e criar oportunidades reais de crescimento e conformidade internacional.<\/p>\t\t\t\t\t\t\t\t<\/div>\n\t\t\t\t<\/div>\n\t\t\t\t\t<\/div>\n\t\t\t\t<\/div>\n\t\t<div class=\"elementor-element elementor-element-d4fdd7e e-flex e-con-boxed wpr-particle-no wpr-jarallax-no wpr-parallax-no wpr-sticky-section-no e-con e-parent\" data-id=\"d4fdd7e\" data-element_type=\"container\">\n\t\t\t\t\t<div class=\"e-con-inner\">\n\t\t<div class=\"elementor-element elementor-element-a8a0e30 e-con-full e-flex wpr-particle-no wpr-jarallax-no wpr-parallax-no wpr-sticky-section-no e-con e-child\" data-id=\"a8a0e30\" data-element_type=\"container\">\n\t\t\t\t<div class=\"elementor-element elementor-element-34516db hostinger-ai-title elementor-widget elementor-widget-heading\" data-id=\"34516db\" data-element_type=\"widget\" data-widget_type=\"heading.default\">\n\t\t\t\t\t<h2 class=\"elementor-heading-title elementor-size-default\">Nossos Servi\u00e7os<\/h2>\t\t\t\t<\/div>\n\t\t<div class=\"elementor-element elementor-element-ef07334 e-grid e-con-full wpr-particle-no wpr-jarallax-no wpr-parallax-no wpr-sticky-section-no e-con e-child\" data-id=\"ef07334\" data-element_type=\"container\">\n\t\t<div class=\"elementor-element elementor-element-dfe1581 e-con-full e-flex wpr-particle-no wpr-jarallax-no wpr-parallax-no wpr-sticky-section-no e-con e-child\" data-id=\"dfe1581\" data-element_type=\"container\">\n\t\t\t\t<div class=\"elementor-element elementor-element-4c1eef3 hostinger-ai-service-image elementor-widget elementor-widget-image\" data-id=\"4c1eef3\" data-element_type=\"widget\" data-widget_type=\"image.default\">\n\t\t\t\t\t\t\t\t\t\t\t\t\t\t\t<img decoding=\"async\" width=\"1024\" height=\"682\" src=\"https:\/\/fmlawadvisory.com\/wp-content\/uploads\/2026\/01\/imigracao.png\" class=\"attachment-large size-large wp-image-43\" alt=\"\" srcset=\"https:\/\/fmlawadvisory.com\/wp-content\/uploads\/2026\/01\/imigracao.png 1024w, https:\/\/fmlawadvisory.com\/wp-content\/uploads\/2026\/01\/imigracao-300x200.png 300w, https:\/\/fmlawadvisory.com\/wp-content\/uploads\/2026\/01\/imigracao-768x512.png 768w, https:\/\/fmlawadvisory.com\/wp-content\/uploads\/2026\/01\/imigracao-18x12.png 18w\" sizes=\"(max-width: 1024px) 100vw, 1024px\" \/>\t\t\t\t\t\t\t\t\t\t\t\t\t\t\t<\/div>\n\t\t\t\t<div class=\"elementor-element elementor-element-cefe350 hostinger-ai-service-description elementor-widget elementor-widget-text-editor\" data-id=\"cefe350\" data-element_type=\"widget\" data-widget_type=\"text-editor.default\">\n\t\t\t\t\t\t\t\t\t<h3 data-start=\"215\" data-end=\"259\"><strong data-start=\"219\" data-end=\"259\">Imigra\u00e7\u00e3o e Mobilidade Internacional<\/strong><\/h3><p data-start=\"260\" data-end=\"529\">Assessoria jur\u00eddica completa para pessoas f\u00edsicas e empresas em processos de imigra\u00e7\u00e3o, vistos, resid\u00eancia, cidadania e mobilidade internacional. Atuamos com planejamento estrat\u00e9gico para garantir seguran\u00e7a, conformidade legal e tranquilidade em cada etapa do processo.<\/p>\t\t\t\t\t\t\t\t<\/div>\n\t\t\t\t<\/div>\n\t\t<div class=\"elementor-element elementor-element-30020de e-con-full e-flex wpr-particle-no wpr-jarallax-no wpr-parallax-no wpr-sticky-section-no e-con e-child\" data-id=\"30020de\" data-element_type=\"container\">\n\t\t\t\t<div class=\"elementor-element elementor-element-88c0601 hostinger-ai-service-image hostinger-index-1 elementor-widget elementor-widget-image\" data-id=\"88c0601\" data-element_type=\"widget\" data-widget_type=\"image.default\">\n\t\t\t\t\t\t\t\t\t\t\t\t\t\t\t<img decoding=\"async\" width=\"1024\" height=\"682\" src=\"https:\/\/fmlawadvisory.com\/wp-content\/uploads\/2026\/01\/compliance.png\" class=\"attachment-large size-large wp-image-44\" alt=\"\" srcset=\"https:\/\/fmlawadvisory.com\/wp-content\/uploads\/2026\/01\/compliance.png 1024w, https:\/\/fmlawadvisory.com\/wp-content\/uploads\/2026\/01\/compliance-300x200.png 300w, https:\/\/fmlawadvisory.com\/wp-content\/uploads\/2026\/01\/compliance-768x512.png 768w, https:\/\/fmlawadvisory.com\/wp-content\/uploads\/2026\/01\/compliance-18x12.png 18w\" sizes=\"(max-width: 1024px) 100vw, 1024px\" \/>\t\t\t\t\t\t\t\t\t\t\t\t\t\t\t<\/div>\n\t\t\t\t<div class=\"elementor-element elementor-element-49406fe hostinger-ai-service-description hostinger-index-1 elementor-widget elementor-widget-text-editor\" data-id=\"49406fe\" data-element_type=\"widget\" data-widget_type=\"text-editor.default\">\n\t\t\t\t\t\t\t\t\t<h3 data-start=\"536\" data-end=\"585\"><strong data-start=\"540\" data-end=\"585\">Compliance e Regulamenta\u00e7\u00e3o Internacional<\/strong><\/h3><p data-start=\"586\" data-end=\"823\">Estruturamos pol\u00edticas e pr\u00e1ticas de compliance para empresas que atuam ou desejam atuar em mercados internacionais. Auxiliamos no cumprimento de normas legais, preven\u00e7\u00e3o de riscos regulat\u00f3rios e fortalecimento da governan\u00e7a corporativa.<\/p>\t\t\t\t\t\t\t\t<\/div>\n\t\t\t\t<\/div>\n\t\t<div class=\"elementor-element elementor-element-dabc39e e-con-full e-flex wpr-particle-no wpr-jarallax-no wpr-parallax-no wpr-sticky-section-no e-con e-child\" data-id=\"dabc39e\" data-element_type=\"container\">\n\t\t\t\t<div class=\"elementor-element elementor-element-e2d2024 hostinger-ai-service-image hostinger-index-2 elementor-widget elementor-widget-image\" data-id=\"e2d2024\" data-element_type=\"widget\" data-widget_type=\"image.default\">\n\t\t\t\t\t\t\t\t\t\t\t\t\t\t\t<img loading=\"lazy\" decoding=\"async\" width=\"1024\" height=\"683\" src=\"https:\/\/fmlawadvisory.com\/wp-content\/uploads\/2026\/01\/contratos.png\" class=\"attachment-large size-large wp-image-45\" alt=\"\" srcset=\"https:\/\/fmlawadvisory.com\/wp-content\/uploads\/2026\/01\/contratos.png 1024w, https:\/\/fmlawadvisory.com\/wp-content\/uploads\/2026\/01\/contratos-300x200.png 300w, https:\/\/fmlawadvisory.com\/wp-content\/uploads\/2026\/01\/contratos-768x512.png 768w, https:\/\/fmlawadvisory.com\/wp-content\/uploads\/2026\/01\/contratos-18x12.png 18w\" sizes=\"(max-width: 1024px) 100vw, 1024px\" \/>\t\t\t\t\t\t\t\t\t\t\t\t\t\t\t<\/div>\n\t\t\t\t<div class=\"elementor-element elementor-element-f9fc8b8 hostinger-ai-service-description hostinger-index-1 elementor-widget elementor-widget-text-editor\" data-id=\"f9fc8b8\" data-element_type=\"widget\" data-widget_type=\"text-editor.default\">\n\t\t\t\t\t\t\t\t\t<h3 data-start=\"830\" data-end=\"874\"><strong data-start=\"834\" data-end=\"874\">Contratos e Estrutura\u00e7\u00e3o de Neg\u00f3cios<\/strong><\/h3><p data-start=\"875\" data-end=\"1102\">Elabora\u00e7\u00e3o, revis\u00e3o e negocia\u00e7\u00e3o de contratos nacionais e internacionais. Suporte jur\u00eddico para estrutura\u00e7\u00e3o de empresas, parcerias, investimentos e opera\u00e7\u00f5es comerciais, garantindo seguran\u00e7a jur\u00eddica e alinhamento estrat\u00e9gico.<\/p>\t\t\t\t\t\t\t\t<\/div>\n\t\t\t\t<\/div>\n\t\t\t\t<\/div>\n\t\t\t\t<\/div>\n\t\t\t\t\t<\/div>\n\t\t\t\t<\/div>\n\t\t<div class=\"elementor-element elementor-element-177edf4 e-flex e-con-boxed wpr-particle-no wpr-jarallax-no wpr-parallax-no wpr-sticky-section-no e-con e-parent\" data-id=\"177edf4\" data-element_type=\"container\">\n\t\t\t\t\t<div class=\"e-con-inner\">\n\t\t\t\t<div class=\"elementor-element elementor-element-b96e5eb elementor-widget elementor-widget-text-editor\" data-id=\"b96e5eb\" data-element_type=\"widget\" data-widget_type=\"text-editor.default\">\n\t\t\t\t\t\t\t\t\t<p>Lorem ipsum dolor sit amet, consectetur adipiscing elit. Ut elit tellus, luctus nec ullamcorper mattis, pulvinar dapibus leo.<\/p>\t\t\t\t\t\t\t\t<\/div>\n\t\t\t\t<div class=\"elementor-element elementor-element-c7780e3 wpr-logo-position-center elementor-widget elementor-widget-wpr-logo\" data-id=\"c7780e3\" data-element_type=\"widget\" data-widget_type=\"wpr-logo.default\">\n\t\t\t\t\t\t\t\t\n\t\t\t<div class=\"wpr-logo elementor-clearfix\">\n\n\t\t\t\t\t\t\t\t<picture class=\"wpr-logo-image\">\n\t\t\t\t\t\n\t\t\t\t\t\t\t\t\t\t\n\t\t\t\t\t<img decoding=\"async\" src=\"https:\/\/fmlawadvisory.com\/wp-content\/uploads\/2025\/12\/LOGO.png\" alt=\"Fabio Martins Law &amp; Advisory\">\n\n\t\t\t\t\t\t\t\t\t\t\t<a class=\"wpr-logo-url\" rel=\"home\" aria-label=\"Fabio Martins Law &amp; Advisory\" href=\"https:\/\/fmlawadvisory.com\/en\/\"><\/a>\n\t\t\t\t\t\t\t\t\t<\/picture>\n\t\t\t\t\n\t\t\t\t\t\t\t\t<div class=\"wpr-logo-text\">\n\t\t\t\t\t\t\t\t\t\t\t\t\t\t\t\t\t\t<p class=\"wpr-logo-title\">Fabio Martins Law &amp; Advisory<\/p>\n\t\t\t\t\t\t\t\t\t\t\t\n\t\t\t\t\t\t\t\t\t<\/div>\n\t\t\t\t\n\t\t\t\t\t\t\t\t\t<a class=\"wpr-logo-url\" rel=\"home\" aria-label=\"Fabio Martins Law &amp; Advisory\" href=\"https:\/\/fmlawadvisory.com\/en\/\"><\/a>\n\t\t\t\t\n\t\t\t<\/div>\n\t\t\t\t\n\t\t\t\t\t\t<\/div>\n\t\t\t\t\t<\/div>\n\t\t\t\t<\/div>\n\t\t<div class=\"elementor-element elementor-element-7fb5c30 e-flex e-con-boxed wpr-particle-no wpr-jarallax-no wpr-parallax-no wpr-sticky-section-no e-con e-parent\" data-id=\"7fb5c30\" data-element_type=\"container\">\n\t\t\t\t\t<div class=\"e-con-inner\">\n\t\t\t\t<div class=\"elementor-element elementor-element-0677323 elementor-widget elementor-widget-text-editor\" data-id=\"0677323\" data-element_type=\"widget\" data-widget_type=\"text-editor.default\">\n\t\t\t\t\t\t\t\t\t<p>Telefone \/ WhatsApp +351 918 676 537<\/p>\t\t\t\t\t\t\t\t<\/div>\n\t\t\t\t\t<\/div>\n\t\t\t\t<\/div>\n\t\t<div class=\"elementor-element elementor-element-0fb7223 e-flex e-con-boxed wpr-particle-no wpr-jarallax-no wpr-parallax-no wpr-sticky-section-no e-con e-parent\" data-id=\"0fb7223\" data-element_type=\"container\">\n\t\t\t\t\t<div class=\"e-con-inner\">\n\t\t\t\t<div class=\"elementor-element elementor-element-456d169 elementor-widget elementor-widget-button\" data-id=\"456d169\" data-element_type=\"widget\" data-widget_type=\"button.default\">\n\t\t\t\t\t\t\t\t\t\t<a class=\"elementor-button elementor-button-link elementor-size-sm\" href=\"https:\/\/wa.me\/35191867537?text=Ol\u00e1%20gostaria%20de%20agendar%20uma%20consulta%20jur\u00eddica.\">\n\t\t\t\t\t\t<span class=\"elementor-button-content-wrapper\">\n\t\t\t\t\t\t\t\t\t<span class=\"elementor-button-text\">Entre em contato<\/span>\n\t\t\t\t\t<\/span>\n\t\t\t\t\t<\/a>\n\t\t\t\t\t\t\t\t<\/div>\n\t\t\t\t\t<\/div>\n\t\t\t\t<\/div>\n\t\t<div class=\"elementor-element elementor-element-aecc95f e-flex e-con-boxed wpr-particle-no wpr-jarallax-no wpr-parallax-no wpr-sticky-section-no e-con e-parent\" data-id=\"aecc95f\" data-element_type=\"container\">\n\t\t\t\t\t<div class=\"e-con-inner\">\n\t\t\t\t<div class=\"elementor-element elementor-element-d4a8654 elementor-widget elementor-widget-text-editor\" data-id=\"d4a8654\" data-element_type=\"widget\" data-widget_type=\"text-editor.default\">\n\t\t\t\t\t\t\t\t\t<p>Por FMLAWADVISORY leia nossa <a href=\"https:\/\/fmlawadvisory.com\/en\/politica-de-privacidade-6\/\">pol\u00edtica de privacidade<\/a>.<\/p>\t\t\t\t\t\t\t\t<\/div>\n\t\t\t\t\t<\/div>\n\t\t\t\t<\/div>\n\t\t<div class=\"elementor-element elementor-element-8355834 e-flex e-con-boxed wpr-particle-no wpr-jarallax-no wpr-parallax-no wpr-sticky-section-no e-con e-parent\" data-id=\"8355834\" data-element_type=\"container\">\n\t\t\t\t\t<div class=\"e-con-inner\">\n\t\t\t\t<div class=\"elementor-element elementor-element-811fbab elementor-widget elementor-widget-wp-widget-pages\" data-id=\"811fbab\" data-element_type=\"widget\" data-widget_type=\"wp-widget-pages.default\">\n\t\t\t\t<div class=\"elementor-widget-container\">\n\t\t\t\t\t<h5>Pages<\/h5>\n\t\t\t<ul>\n\t\t\t\t<li class=\"page_item page-item-5\"><a href=\"https:\/\/fmlawadvisory.com\/en\/\">Home<\/a><\/li>\n<li class=\"page_item page-item-6\"><a href=\"https:\/\/fmlawadvisory.com\/en\/about\/\">Sobre<\/a><\/li>\n<li class=\"page_item page-item-7\"><a href=\"https:\/\/fmlawadvisory.com\/en\/services\/\">Services<\/a><\/li>\n<li class=\"page_item page-item-8\"><a href=\"https:\/\/fmlawadvisory.com\/en\/contact\/\">Contact<\/a><\/li>\n<li class=\"page_item page-item-194\"><a href=\"https:\/\/fmlawadvisory.com\/en\/mais\/\">Mais<\/a><\/li>\n<li class=\"page_item page-item-202\"><a href=\"https:\/\/fmlawadvisory.com\/en\/politica-de-privacidade-6\/\">Pol\u00edtica de Privacidade<\/a><\/li>\n<li class=\"page_item page-item-235\"><a href=\"https:\/\/fmlawadvisory.com\/en\/news\/\">News<\/a><\/li>\n\t\t\t<\/ul>\n\n\t\t\t\t\t\t\t<\/div>\n\t\t\t\t<\/div>\n\t\t\t\t\t<\/div>\n\t\t\t\t<\/div>\n\t\t\t\t<\/div>","protected":false},"excerpt":{"rendered":"<p>Consultoria jur\u00eddica nacional e\u00a0 internacional para empresas, executivos e clientes globais.Compliance \u25cf Consultoria Corporativa \u25cf Direito Migrat\u00f3rio Sobre N\u00f3s No F\u00e1bio Martins Law &amp; Advisory, oferecemos assessoria jur\u00eddica estrat\u00e9gica internacional para empresas e clientes globais enfrentarem desafios complexos com clareza, seguran\u00e7a e excel\u00eancia t\u00e9cnica. Com atua\u00e7\u00e3o em Brasil, Portugal e Espanha, ajudamos neg\u00f3cios e indiv\u00edduos em temas como direito internacional, compliance, contratos e regulamenta\u00e7\u00e3o, sempre com foco em solu\u00e7\u00f5es pr\u00e1ticas e alinhadas \u00e0s necessidades de cada cliente.\u00a0 Nossa abordagem combina experi\u00eancia jur\u00eddica s\u00f3lida, vis\u00e3o estrat\u00e9gica de neg\u00f3cios e um compromisso forte com a \u00e9tica profissional e a entrega de resultados. Atuamos com dedica\u00e7\u00e3o em cada etapa do processo, buscando reduzir riscos, proteger interesses e criar oportunidades reais de crescimento e conformidade internacional. Nossos Servi\u00e7os Imigra\u00e7\u00e3o e Mobilidade Internacional Assessoria jur\u00eddica completa para pessoas f\u00edsicas e empresas em processos de imigra\u00e7\u00e3o, vistos, resid\u00eancia, cidadania e mobilidade internacional. Atuamos com planejamento estrat\u00e9gico para garantir seguran\u00e7a, conformidade legal e tranquilidade em cada etapa do processo. Compliance e Regulamenta\u00e7\u00e3o Internacional Estruturamos pol\u00edticas e pr\u00e1ticas de compliance para empresas que atuam ou desejam atuar em mercados internacionais. Auxiliamos no cumprimento de normas legais, preven\u00e7\u00e3o de riscos regulat\u00f3rios e fortalecimento da governan\u00e7a corporativa. Contratos e Estrutura\u00e7\u00e3o de Neg\u00f3cios Elabora\u00e7\u00e3o, revis\u00e3o e negocia\u00e7\u00e3o de contratos nacionais e internacionais. Suporte jur\u00eddico para estrutura\u00e7\u00e3o de empresas, parcerias, investimentos e opera\u00e7\u00f5es comerciais, garantindo seguran\u00e7a jur\u00eddica e alinhamento estrat\u00e9gico. Lorem ipsum dolor sit amet, consectetur adipiscing elit. Ut elit tellus, luctus nec ullamcorper mattis, pulvinar dapibus leo. Fabio Martins Law &amp; Advisory Telefone \/ WhatsApp +351 918 676 537 Entre em contato Por FMLAWADVISORY leia nossa pol\u00edtica de privacidade.<\/p>","protected":false},"author":1,"featured_media":0,"parent":0,"menu_order":0,"comment_status":"closed","ping_status":"closed","template":"","meta":{"footnotes":""},"class_list":["post-5","page","type-page","status-publish","hentry"],"_hostinger_reach_plugin_has_subscription_block":false,"_hostinger_reach_plugin_is_elementor":false,"_links":{"self":[{"href":"https:\/\/fmlawadvisory.com\/en\/wp-json\/wp\/v2\/pages\/5","targetHints":{"allow":["GET"]}}],"collection":[{"href":"https:\/\/fmlawadvisory.com\/en\/wp-json\/wp\/v2\/pages"}],"about":[{"href":"https:\/\/fmlawadvisory.com\/en\/wp-json\/wp\/v2\/types\/page"}],"author":[{"embeddable":true,"href":"https:\/\/fmlawadvisory.com\/en\/wp-json\/wp\/v2\/users\/1"}],"replies":[{"embeddable":true,"href":"https:\/\/fmlawadvisory.com\/en\/wp-json\/wp\/v2\/comments?post=5"}],"version-history":[{"count":94,"href":"https:\/\/fmlawadvisory.com\/en\/wp-json\/wp\/v2\/pages\/5\/revisions"}],"predecessor-version":[{"id":260,"href":"https:\/\/fmlawadvisory.com\/en\/wp-json\/wp\/v2\/pages\/5\/revisions\/260"}],"wp:attachment":[{"href":"https:\/\/fmlawadvisory.com\/en\/wp-json\/wp\/v2\/media?parent=5"}],"curies":[{"name":"wp","href":"https:\/\/api.w.org\/{rel}","templated":true}]}}