{"id":6,"date":"2025-12-22T21:24:07","date_gmt":"2025-12-22T21:24:07","guid":{"rendered":"https:\/\/fmlawadvisory.com\/about\/"},"modified":"2026-01-04T19:35:05","modified_gmt":"2026-01-04T19:35:05","slug":"about","status":"publish","type":"page","link":"https:\/\/fmlawadvisory.com\/en\/about\/","title":{"rendered":"Sobre"},"content":{"rendered":"<div data-elementor-type=\"wp-page\" data-elementor-id=\"6\" class=\"elementor elementor-6\">\n\t\t\t\t<div class=\"elementor-element elementor-element-3e698ec e-flex e-con-boxed wpr-particle-no wpr-jarallax-no wpr-parallax-no wpr-sticky-section-no e-con e-parent\" data-id=\"3e698ec\" data-element_type=\"container\">\n\t\t\t\t\t<div class=\"e-con-inner\">\n\t\t\t\t<div class=\"elementor-element elementor-element-efef01c hostinger-ai-description elementor-widget elementor-widget-text-editor\" data-id=\"efef01c\" data-element_type=\"widget\" data-widget_type=\"text-editor.default\">\n\t\t\t\t\t\t\t\t\t<h2 data-start=\"117\" data-end=\"133\"><strong data-start=\"120\" data-end=\"133\">Sobre N\u00f3s<\/strong><\/h2><p data-start=\"233\" data-end=\"461\">O <strong data-start=\"235\" data-end=\"267\">F\u00e1bio Martins Law &amp; Advisory<\/strong> \u00e9 um escrit\u00f3rio de advocacia e consultoria jur\u00eddica internacional formado por profissionais com <strong data-start=\"364\" data-end=\"401\">viv\u00eancia e carreira internacional<\/strong>, atuando junto a empresas, investidores e clientes globais.<\/p><p data-start=\"463\" data-end=\"713\">Com experi\u00eancia em <strong data-start=\"482\" data-end=\"588\">planejamento patrimonial, estrutura\u00e7\u00e3o de neg\u00f3cios, investimentos internacionais e mobilidade jur\u00eddica<\/strong>, identificamos a necessidade de oferecer um servi\u00e7o <strong data-start=\"641\" data-end=\"694\">exclusivo, estrat\u00e9gico e totalmente personalizado<\/strong> para cada cliente.<\/p><p data-start=\"715\" data-end=\"933\">Nosso prop\u00f3sito \u00e9 apoiar decis\u00f5es seguras relacionadas ao <strong data-start=\"773\" data-end=\"824\">patrim\u00f4nio, neg\u00f3cios e opera\u00e7\u00f5es internacionais<\/strong>, garantindo organiza\u00e7\u00e3o, conformidade e crescimento sustent\u00e1vel em um cen\u00e1rio global cada vez mais complexo.<\/p><p data-start=\"935\" data-end=\"1151\">Oferecemos solu\u00e7\u00f5es <strong data-start=\"955\" data-end=\"970\">tailor made<\/strong>, alinhadas \u00e0s particularidades de cada caso. Contamos com escrit\u00f3rios e parceiros estrat\u00e9gicos em <strong data-start=\"1069\" data-end=\"1105\">Portugal, Brasil e outros pa\u00edses<\/strong>, permitindo atendimento completo e integrado.<\/p><h1 data-start=\"1158\" data-end=\"1170\"><strong data-start=\"1160\" data-end=\"1170\">Miss\u00e3o<\/strong><\/h1><p data-start=\"1172\" data-end=\"1353\">Traduzir de forma <strong data-start=\"1190\" data-end=\"1219\">simples, clara e objetiva<\/strong> a complexidade do universo jur\u00eddico e dos neg\u00f3cios internacionais, oferecendo suporte estrat\u00e9gico para decis\u00f5es seguras e eficientes.<\/p><hr data-start=\"1355\" data-end=\"1358\" \/><h1 data-start=\"1360\" data-end=\"1371\"><strong data-start=\"1362\" data-end=\"1371\">Vis\u00e3o<\/strong><\/h1><p data-start=\"1373\" data-end=\"1549\">Ser o <strong data-start=\"1379\" data-end=\"1486\">escrit\u00f3rio de refer\u00eancia para investidores, empres\u00e1rios e clientes internacionais na Europa e no Brasil<\/strong>, reconhecido pela excel\u00eancia, \u00e9tica e impacto positivo gerado.<\/p><hr data-start=\"1551\" data-end=\"1554\" \/><h1 data-start=\"1556\" data-end=\"1569\"><strong data-start=\"1558\" data-end=\"1569\">Valores<\/strong><\/h1><p data-start=\"1571\" data-end=\"1778\">\u2714 \u00c9tica e transpar\u00eancia em todas as rela\u00e7\u00f5es<br data-start=\"1615\" data-end=\"1618\" \/>\u2714 Foco absoluto no cliente e em seus objetivos<br data-start=\"1664\" data-end=\"1667\" \/>\u2714 Comunica\u00e7\u00e3o clara e acess\u00edvel<br data-start=\"1698\" data-end=\"1701\" \/>\u2714 Confidencialidade e responsabilidade<br data-start=\"1739\" data-end=\"1742\" \/>\u2714 Compromisso com resultados reais<\/p><hr data-start=\"1780\" data-end=\"1783\" \/><h1 data-start=\"1785\" data-end=\"1814\"><strong data-start=\"1787\" data-end=\"1814\">Responsabilidade Social<\/strong><\/h1><p data-start=\"1816\" data-end=\"2026\">Comprometemo-nos em apoiar a <strong data-start=\"1845\" data-end=\"1881\">comunidade imigrante em Portugal<\/strong>, promovendo a\u00e7\u00f5es <strong data-start=\"1900\" data-end=\"1912\">pro bono<\/strong> voltadas a imigrantes em situa\u00e7\u00e3o de vulnerabilidade, contribuindo para a inclus\u00e3o, dignidade e acesso \u00e0 justi\u00e7a.<\/p><hr data-start=\"2028\" data-end=\"2031\" \/><h1 data-start=\"2033\" data-end=\"2051\"><strong data-start=\"2035\" data-end=\"2051\">Diferenciais<\/strong><\/h1><p data-start=\"2053\" data-end=\"2215\"><strong data-start=\"2053\" data-end=\"2096\">Advogados com experi\u00eancia internacional<\/strong><br data-start=\"2096\" data-end=\"2099\" \/>Profissionais com atua\u00e7\u00e3o e viv\u00eancia nacional e internacional, preparados para lidar com desafios jur\u00eddicos globais.<\/p><p data-start=\"2217\" data-end=\"2354\"><strong data-start=\"2217\" data-end=\"2244\">Track record comprovado<\/strong><br data-start=\"2244\" data-end=\"2247\" \/>Participa\u00e7\u00e3o efetiva em diversas transa\u00e7\u00f5es nacionais e internacionais, com hist\u00f3rico s\u00f3lido de resultados.<\/p><p data-start=\"2356\" data-end=\"2447\"><strong data-start=\"2356\" data-end=\"2384\">Agilidade no atendimento<\/strong><br data-start=\"2384\" data-end=\"2387\" \/>Processos eficientes, comunica\u00e7\u00e3o clara e respostas r\u00e1pidas.<\/p><p data-start=\"2449\" data-end=\"2546\"><strong data-start=\"2449\" data-end=\"2468\">Presen\u00e7a global<\/strong><br data-start=\"2468\" data-end=\"2471\" \/>Escrit\u00f3rios em Portugal e Brasil e parcerias estrat\u00e9gicas em outros pa\u00edses.<\/p>\t\t\t\t\t\t\t\t<\/div>\n\t\t<div class=\"elementor-element elementor-element-f218336 e-grid e-con-full wpr-particle-no wpr-jarallax-no wpr-parallax-no wpr-sticky-section-no e-con e-child\" data-id=\"f218336\" data-element_type=\"container\">\n\t\t\t\t<\/div>\n\t\t\t\t\t<\/div>\n\t\t\t\t<\/div>\n\t\t<div class=\"elementor-element elementor-element-bec90cc e-flex e-con-boxed wpr-particle-no wpr-jarallax-no wpr-parallax-no wpr-sticky-section-no e-con e-parent\" data-id=\"bec90cc\" data-element_type=\"container\">\n\t\t\t\t\t<div class=\"e-con-inner\">\n\t\t\t\t<div class=\"elementor-element elementor-element-22cb9f5 elementor-widget elementor-widget-image\" data-id=\"22cb9f5\" data-element_type=\"widget\" data-widget_type=\"image.default\">\n\t\t\t\t\t\t\t\t\t\t\t\t\t\t\t<img fetchpriority=\"high\" decoding=\"async\" width=\"683\" height=\"1024\" src=\"https:\/\/fmlawadvisory.com\/wp-content\/uploads\/2026\/01\/ChatGPT-Image-Jan-4-2026-06_30_14-PM-683x1024.png\" class=\"attachment-large size-large wp-image-41\" alt=\"\" srcset=\"https:\/\/fmlawadvisory.com\/wp-content\/uploads\/2026\/01\/ChatGPT-Image-Jan-4-2026-06_30_14-PM-683x1024.png 683w, https:\/\/fmlawadvisory.com\/wp-content\/uploads\/2026\/01\/ChatGPT-Image-Jan-4-2026-06_30_14-PM-200x300.png 200w, https:\/\/fmlawadvisory.com\/wp-content\/uploads\/2026\/01\/ChatGPT-Image-Jan-4-2026-06_30_14-PM-768x1152.png 768w, https:\/\/fmlawadvisory.com\/wp-content\/uploads\/2026\/01\/ChatGPT-Image-Jan-4-2026-06_30_14-PM-8x12.png 8w, https:\/\/fmlawadvisory.com\/wp-content\/uploads\/2026\/01\/ChatGPT-Image-Jan-4-2026-06_30_14-PM.png 1024w\" sizes=\"(max-width: 683px) 100vw, 683px\" \/>\t\t\t\t\t\t\t\t\t\t\t\t\t\t\t<\/div>\n\t\t\t\t\t<\/div>\n\t\t\t\t<\/div>\n\t\t<div class=\"elementor-element elementor-element-689eee8 e-flex e-con-boxed wpr-particle-no wpr-jarallax-no wpr-parallax-no wpr-sticky-section-no e-con e-parent\" data-id=\"689eee8\" data-element_type=\"container\">\n\t\t\t\t\t<div class=\"e-con-inner\">\n\t\t\t\t<div class=\"elementor-element elementor-element-3ad3dd2 elementor-widget elementor-widget-text-editor\" data-id=\"3ad3dd2\" data-element_type=\"widget\" data-widget_type=\"text-editor.default\">\n\t\t\t\t\t\t\t\t\t<p>Lorem ipsum dolor sit amet, consectetur adipiscing elit. Ut elit tellus, luctus nec ullamcorper mattis, pulvinar dapibus leo.<\/p>\t\t\t\t\t\t\t\t<\/div>\n\t\t\t\t\t<\/div>\n\t\t\t\t<\/div>\n\t\t<div class=\"elementor-element elementor-element-bc9c298 e-flex e-con-boxed wpr-particle-no wpr-jarallax-no wpr-parallax-no wpr-sticky-section-no e-con e-parent\" data-id=\"bc9c298\" data-element_type=\"container\">\n\t\t\t\t\t<div class=\"e-con-inner\">\n\t\t\t\t\t<\/div>\n\t\t\t\t<\/div>\n\t\t\t\t<\/div>","protected":false},"excerpt":{"rendered":"<p>Sobre N\u00f3s O F\u00e1bio Martins Law &amp; Advisory \u00e9 um escrit\u00f3rio de advocacia e consultoria jur\u00eddica internacional formado por profissionais com viv\u00eancia e carreira internacional, atuando junto a empresas, investidores e clientes globais. Com experi\u00eancia em planejamento patrimonial, estrutura\u00e7\u00e3o de neg\u00f3cios, investimentos internacionais e mobilidade jur\u00eddica, identificamos a necessidade de oferecer um servi\u00e7o exclusivo, estrat\u00e9gico e totalmente personalizado para cada cliente. Nosso prop\u00f3sito \u00e9 apoiar decis\u00f5es seguras relacionadas ao patrim\u00f4nio, neg\u00f3cios e opera\u00e7\u00f5es internacionais, garantindo organiza\u00e7\u00e3o, conformidade e crescimento sustent\u00e1vel em um cen\u00e1rio global cada vez mais complexo. Oferecemos solu\u00e7\u00f5es tailor made, alinhadas \u00e0s particularidades de cada caso. Contamos com escrit\u00f3rios e parceiros estrat\u00e9gicos em Portugal, Brasil e outros pa\u00edses, permitindo atendimento completo e integrado. Miss\u00e3o Traduzir de forma simples, clara e objetiva a complexidade do universo jur\u00eddico e dos neg\u00f3cios internacionais, oferecendo suporte estrat\u00e9gico para decis\u00f5es seguras e eficientes. Vis\u00e3o Ser o escrit\u00f3rio de refer\u00eancia para investidores, empres\u00e1rios e clientes internacionais na Europa e no Brasil, reconhecido pela excel\u00eancia, \u00e9tica e impacto positivo gerado. Valores \u2714 \u00c9tica e transpar\u00eancia em todas as rela\u00e7\u00f5es\u2714 Foco absoluto no cliente e em seus objetivos\u2714 Comunica\u00e7\u00e3o clara e acess\u00edvel\u2714 Confidencialidade e responsabilidade\u2714 Compromisso com resultados reais Responsabilidade Social Comprometemo-nos em apoiar a comunidade imigrante em Portugal, promovendo a\u00e7\u00f5es pro bono voltadas a imigrantes em situa\u00e7\u00e3o de vulnerabilidade, contribuindo para a inclus\u00e3o, dignidade e acesso \u00e0 justi\u00e7a. Diferenciais Advogados com experi\u00eancia internacionalProfissionais com atua\u00e7\u00e3o e viv\u00eancia nacional e internacional, preparados para lidar com desafios jur\u00eddicos globais. Track record comprovadoParticipa\u00e7\u00e3o efetiva em diversas transa\u00e7\u00f5es nacionais e internacionais, com hist\u00f3rico s\u00f3lido de resultados. Agilidade no atendimentoProcessos eficientes, comunica\u00e7\u00e3o clara e respostas r\u00e1pidas. Presen\u00e7a globalEscrit\u00f3rios em Portugal e Brasil e parcerias estrat\u00e9gicas em outros pa\u00edses. Lorem ipsum dolor sit amet, consectetur adipiscing elit. Ut elit tellus, luctus nec ullamcorper mattis, pulvinar dapibus leo.<\/p>","protected":false},"author":1,"featured_media":0,"parent":0,"menu_order":0,"comment_status":"closed","ping_status":"closed","template":"","meta":{"footnotes":""},"class_list":["post-6","page","type-page","status-publish","hentry"],"_hostinger_reach_plugin_has_subscription_block":false,"_hostinger_reach_plugin_is_elementor":false,"_links":{"self":[{"href":"https:\/\/fmlawadvisory.com\/en\/wp-json\/wp\/v2\/pages\/6","targetHints":{"allow":["GET"]}}],"collection":[{"href":"https:\/\/fmlawadvisory.com\/en\/wp-json\/wp\/v2\/pages"}],"about":[{"href":"https:\/\/fmlawadvisory.com\/en\/wp-json\/wp\/v2\/types\/page"}],"author":[{"embeddable":true,"href":"https:\/\/fmlawadvisory.com\/en\/wp-json\/wp\/v2\/users\/1"}],"replies":[{"embeddable":true,"href":"https:\/\/fmlawadvisory.com\/en\/wp-json\/wp\/v2\/comments?post=6"}],"version-history":[{"count":15,"href":"https:\/\/fmlawadvisory.com\/en\/wp-json\/wp\/v2\/pages\/6\/revisions"}],"predecessor-version":[{"id":100,"href":"https:\/\/fmlawadvisory.com\/en\/wp-json\/wp\/v2\/pages\/6\/revisions\/100"}],"wp:attachment":[{"href":"https:\/\/fmlawadvisory.com\/en\/wp-json\/wp\/v2\/media?parent=6"}],"curies":[{"name":"wp","href":"https:\/\/api.w.org\/{rel}","templated":true}]}}