{"id":7,"date":"2025-12-22T21:24:10","date_gmt":"2025-12-22T21:24:10","guid":{"rendered":"https:\/\/fmlawadvisory.com\/services\/"},"modified":"2026-01-04T21:36:15","modified_gmt":"2026-01-04T21:36:15","slug":"services","status":"publish","type":"page","link":"https:\/\/fmlawadvisory.com\/en\/services\/","title":{"rendered":"Services"},"content":{"rendered":"<div data-elementor-type=\"wp-page\" data-elementor-id=\"7\" class=\"elementor elementor-7\">\n\t\t\t\t<div class=\"elementor-element elementor-element-d99ec29 e-flex e-con-boxed wpr-particle-no wpr-jarallax-no wpr-parallax-no wpr-sticky-section-no e-con e-parent\" data-id=\"d99ec29\" data-element_type=\"container\">\n\t\t\t\t\t<div class=\"e-con-inner\">\n\t\t\t\t<div class=\"elementor-element elementor-element-0b150c0 elementor-widget elementor-widget-text-editor\" data-id=\"0b150c0\" data-element_type=\"widget\" data-widget_type=\"text-editor.default\">\n\t\t\t\t\t\t\t\t\t<h1 data-start=\"112\" data-end=\"133\"><strong data-start=\"114\" data-end=\"133\">Nossos Servi\u00e7os<\/strong><\/h1><p data-start=\"135\" data-end=\"333\">Temos orgulho em oferecer aos nossos clientes <strong data-start=\"181\" data-end=\"216\">solu\u00e7\u00f5es jur\u00eddicas estrat\u00e9gicas<\/strong> nas mais diversas \u00e1reas de atua\u00e7\u00e3o. Atuamos com excel\u00eancia t\u00e9cnica, vis\u00e3o internacional e atendimento personalizado.<\/p><h2 data-start=\"340\" data-end=\"386\"><strong data-start=\"346\" data-end=\"386\">Imigra\u00e7\u00e3o &amp; Mobilidade Internacional<\/strong><\/h2><p data-start=\"387\" data-end=\"656\">Assessoria jur\u00eddica completa para pessoas f\u00edsicas e empresas em processos de imigra\u00e7\u00e3o, vistos, resid\u00eancia, cidadania e mobilidade internacional. Atuamos com planejamento estrat\u00e9gico para garantir seguran\u00e7a, conformidade legal e tranquilidade em cada etapa do processo.<\/p><h2 data-start=\"663\" data-end=\"716\"><strong data-start=\"670\" data-end=\"716\">Wealth Planning &amp; Planejamento Patrimonial<\/strong><\/h2><p data-start=\"717\" data-end=\"944\">Planejamento e organiza\u00e7\u00e3o patrimonial para pessoas f\u00edsicas e fam\u00edlias com interesses nacionais e internacionais. Atuamos na prote\u00e7\u00e3o, estrutura\u00e7\u00e3o e crescimento do patrim\u00f4nio, garantindo seguran\u00e7a jur\u00eddica e efici\u00eancia fiscal.<\/p><h2 data-start=\"951\" data-end=\"1005\"><strong data-start=\"957\" data-end=\"1005\">International Tax &amp; Compliance Internacional<\/strong><\/h2><p data-start=\"1006\" data-end=\"1178\">Consultoria em tributa\u00e7\u00e3o internacional, preven\u00e7\u00e3o de riscos fiscais e estrutura\u00e7\u00e3o de pol\u00edticas de compliance e governan\u00e7a corporativa para empresas com opera\u00e7\u00f5es globais.<\/p><h2 data-start=\"1185\" data-end=\"1246\"><strong data-start=\"1191\" data-end=\"1246\">Reorganiza\u00e7\u00e3o Societ\u00e1ria &amp; Estrutura\u00e7\u00e3o de Neg\u00f3cios<\/strong><\/h2><p data-start=\"1247\" data-end=\"1419\">Estrutura\u00e7\u00e3o e reorganiza\u00e7\u00e3o de empresas e grupos econ\u00f4micos, elabora\u00e7\u00e3o e revis\u00e3o de contratos nacionais e internacionais, parcerias, investimentos e opera\u00e7\u00f5es comerciais.<\/p><h2 data-start=\"1426\" data-end=\"1476\"><strong data-start=\"1432\" data-end=\"1476\">Investimentos Nacionais e Internacionais<\/strong><\/h2><p data-start=\"1477\" data-end=\"1636\">Assessoria jur\u00eddica em investimentos imobili\u00e1rios, empresariais e financeiros, assegurando conformidade legal, prote\u00e7\u00e3o de ativos e seguran\u00e7a em cada opera\u00e7\u00e3o.<\/p><h2 data-start=\"1643\" data-end=\"1717\"><strong data-start=\"1655\" data-end=\"1717\">Planejamento Sucess\u00f3rio &amp; Direito de Fam\u00edlia Internacional<\/strong><\/h2><p data-start=\"1718\" data-end=\"1873\">Organiza\u00e7\u00e3o sucess\u00f3ria, heran\u00e7as, holdings familiares, testamentos, div\u00f3rcios internacionais, guarda, pens\u00e3o e partilha de bens com elemento internacional.<\/p><h2 data-start=\"1880\" data-end=\"1934\"><strong data-start=\"1886\" data-end=\"1934\">Apoio a Investidores Brasileiros no Exterior<\/strong><\/h2><p data-start=\"1935\" data-end=\"2085\">Assessoria especializada para investidores brasileiros com interesses na Europa, Estados Unidos e outros pa\u00edses, oferecendo suporte jur\u00eddico completo.<\/p><h2 data-start=\"2092\" data-end=\"2129\"><strong data-start=\"2098\" data-end=\"2129\">Aposentadoria Internacional<\/strong><\/h2><p data-start=\"2130\" data-end=\"2258\">Planejamento e regulariza\u00e7\u00e3o de aposentadoria para residentes no exterior, garantindo direitos, benef\u00edcios e conformidade legal.<\/p>\t\t\t\t\t\t\t\t<\/div>\n\t\t\t\t\t<\/div>\n\t\t\t\t<\/div>\n\t\t<div class=\"elementor-element elementor-element-2db035a e-flex e-con-boxed wpr-particle-no wpr-jarallax-no wpr-parallax-no wpr-sticky-section-no e-con e-parent\" data-id=\"2db035a\" data-element_type=\"container\">\n\t\t\t\t\t<div class=\"e-con-inner\">\n\t\t\t\t<div class=\"elementor-element elementor-element-d4644f8 elementor-widget elementor-widget-image\" data-id=\"d4644f8\" data-element_type=\"widget\" data-widget_type=\"image.default\">\n\t\t\t\t\t\t\t\t\t\t\t\t\t\t\t<img fetchpriority=\"high\" decoding=\"async\" width=\"1024\" height=\"683\" src=\"https:\/\/fmlawadvisory.com\/wp-content\/uploads\/2026\/01\/ChatGPT-Image-Jan-4-2026-08_21_04-PM-1024x683.png\" class=\"attachment-large size-large wp-image-113\" alt=\"\" srcset=\"https:\/\/fmlawadvisory.com\/wp-content\/uploads\/2026\/01\/ChatGPT-Image-Jan-4-2026-08_21_04-PM-1024x683.png 1024w, https:\/\/fmlawadvisory.com\/wp-content\/uploads\/2026\/01\/ChatGPT-Image-Jan-4-2026-08_21_04-PM-300x200.png 300w, https:\/\/fmlawadvisory.com\/wp-content\/uploads\/2026\/01\/ChatGPT-Image-Jan-4-2026-08_21_04-PM-768x512.png 768w, https:\/\/fmlawadvisory.com\/wp-content\/uploads\/2026\/01\/ChatGPT-Image-Jan-4-2026-08_21_04-PM-18x12.png 18w, https:\/\/fmlawadvisory.com\/wp-content\/uploads\/2026\/01\/ChatGPT-Image-Jan-4-2026-08_21_04-PM.png 1536w\" sizes=\"(max-width: 1024px) 100vw, 1024px\" \/>\t\t\t\t\t\t\t\t\t\t\t\t\t\t\t<\/div>\n\t\t\t\t\t<\/div>\n\t\t\t\t<\/div>\n\t\t\t\t<\/div>","protected":false},"excerpt":{"rendered":"<p>Nossos Servi\u00e7os Temos orgulho em oferecer aos nossos clientes solu\u00e7\u00f5es jur\u00eddicas estrat\u00e9gicas nas mais diversas \u00e1reas de atua\u00e7\u00e3o. Atuamos com excel\u00eancia t\u00e9cnica, vis\u00e3o internacional e atendimento personalizado. Imigra\u00e7\u00e3o &amp; Mobilidade Internacional Assessoria jur\u00eddica completa para pessoas f\u00edsicas e empresas em processos de imigra\u00e7\u00e3o, vistos, resid\u00eancia, cidadania e mobilidade internacional. Atuamos com planejamento estrat\u00e9gico para garantir seguran\u00e7a, conformidade legal e tranquilidade em cada etapa do processo. Wealth Planning &amp; Planejamento Patrimonial Planejamento e organiza\u00e7\u00e3o patrimonial para pessoas f\u00edsicas e fam\u00edlias com interesses nacionais e internacionais. Atuamos na prote\u00e7\u00e3o, estrutura\u00e7\u00e3o e crescimento do patrim\u00f4nio, garantindo seguran\u00e7a jur\u00eddica e efici\u00eancia fiscal. International Tax &amp; Compliance Internacional Consultoria em tributa\u00e7\u00e3o internacional, preven\u00e7\u00e3o de riscos fiscais e estrutura\u00e7\u00e3o de pol\u00edticas de compliance e governan\u00e7a corporativa para empresas com opera\u00e7\u00f5es globais. Reorganiza\u00e7\u00e3o Societ\u00e1ria &amp; Estrutura\u00e7\u00e3o de Neg\u00f3cios Estrutura\u00e7\u00e3o e reorganiza\u00e7\u00e3o de empresas e grupos econ\u00f4micos, elabora\u00e7\u00e3o e revis\u00e3o de contratos nacionais e internacionais, parcerias, investimentos e opera\u00e7\u00f5es comerciais. Investimentos Nacionais e Internacionais Assessoria jur\u00eddica em investimentos imobili\u00e1rios, empresariais e financeiros, assegurando conformidade legal, prote\u00e7\u00e3o de ativos e seguran\u00e7a em cada opera\u00e7\u00e3o. Planejamento Sucess\u00f3rio &amp; Direito de Fam\u00edlia Internacional Organiza\u00e7\u00e3o sucess\u00f3ria, heran\u00e7as, holdings familiares, testamentos, div\u00f3rcios internacionais, guarda, pens\u00e3o e partilha de bens com elemento internacional. Apoio a Investidores Brasileiros no Exterior Assessoria especializada para investidores brasileiros com interesses na Europa, Estados Unidos e outros pa\u00edses, oferecendo suporte jur\u00eddico completo. Aposentadoria Internacional Planejamento e regulariza\u00e7\u00e3o de aposentadoria para residentes no exterior, garantindo direitos, benef\u00edcios e conformidade legal.<\/p>","protected":false},"author":1,"featured_media":0,"parent":0,"menu_order":0,"comment_status":"closed","ping_status":"closed","template":"","meta":{"footnotes":""},"class_list":["post-7","page","type-page","status-publish","hentry"],"_hostinger_reach_plugin_has_subscription_block":false,"_hostinger_reach_plugin_is_elementor":false,"_links":{"self":[{"href":"https:\/\/fmlawadvisory.com\/en\/wp-json\/wp\/v2\/pages\/7","targetHints":{"allow":["GET"]}}],"collection":[{"href":"https:\/\/fmlawadvisory.com\/en\/wp-json\/wp\/v2\/pages"}],"about":[{"href":"https:\/\/fmlawadvisory.com\/en\/wp-json\/wp\/v2\/types\/page"}],"author":[{"embeddable":true,"href":"https:\/\/fmlawadvisory.com\/en\/wp-json\/wp\/v2\/users\/1"}],"replies":[{"embeddable":true,"href":"https:\/\/fmlawadvisory.com\/en\/wp-json\/wp\/v2\/comments?post=7"}],"version-history":[{"count":6,"href":"https:\/\/fmlawadvisory.com\/en\/wp-json\/wp\/v2\/pages\/7\/revisions"}],"predecessor-version":[{"id":171,"href":"https:\/\/fmlawadvisory.com\/en\/wp-json\/wp\/v2\/pages\/7\/revisions\/171"}],"wp:attachment":[{"href":"https:\/\/fmlawadvisory.com\/en\/wp-json\/wp\/v2\/media?parent=7"}],"curies":[{"name":"wp","href":"https:\/\/api.w.org\/{rel}","templated":true}]}}